{"id":11,"date":"2023-12-04T08:10:39","date_gmt":"2023-12-04T07:10:39","guid":{"rendered":"https:\/\/osetavoie.com\/?page_id=11"},"modified":"2024-01-12T18:20:13","modified_gmt":"2024-01-12T17:20:13","slug":"ce-que-je-suis","status":"publish","type":"page","link":"https:\/\/osetavoie.com\/index.php\/ce-que-je-suis\/","title":{"rendered":"Qui je suis"},"content":{"rendered":"<div class=\"wp-block-image\">\n<figure class=\"aligncenter size-large\"><img loading=\"lazy\" decoding=\"async\" width=\"1024\" height=\"548\" src=\"http:\/\/osetavoie.com\/wp-content\/uploads\/2024\/01\/Valeurs_CeQueJeSuis2-1024x548.png\" alt=\"\" class=\"wp-image-1273\" srcset=\"https:\/\/osetavoie.com\/wp-content\/uploads\/2024\/01\/Valeurs_CeQueJeSuis2-1024x548.png 1024w, https:\/\/osetavoie.com\/wp-content\/uploads\/2024\/01\/Valeurs_CeQueJeSuis2-300x161.png 300w, https:\/\/osetavoie.com\/wp-content\/uploads\/2024\/01\/Valeurs_CeQueJeSuis2-768x411.png 768w, https:\/\/osetavoie.com\/wp-content\/uploads\/2024\/01\/Valeurs_CeQueJeSuis2-1240x664.png 1240w, https:\/\/osetavoie.com\/wp-content\/uploads\/2024\/01\/Valeurs_CeQueJeSuis2-508x272.png 508w, https:\/\/osetavoie.com\/wp-content\/uploads\/2024\/01\/Valeurs_CeQueJeSuis2-600x321.png 600w, https:\/\/osetavoie.com\/wp-content\/uploads\/2024\/01\/Valeurs_CeQueJeSuis2.png 1420w\" sizes=\"auto, (max-width: 1024px) 100vw, 1024px\" \/><\/figure>\n<\/div>\n\n\n<p class=\"has-text-align-left\">Passionn\u00e9e par l\u2019humain, je l\u2019ai traduit professionnellement en devenant responsable ressources humaines chez un \u00e9diteur de logiciels, dont j\u2019ai accompagn\u00e9 la croissance de 50 \u00e0 200 salari\u00e9s durant 17 ann\u00e9es. (2002-2019)<\/p>\n\n\n\n<p class=\"has-text-align-left\">J\u2019y cr\u00e9e et d\u00e9veloppe toute l\u2019activit\u00e9 RH&nbsp;: gestion du personnel, des comp\u00e9tences, gestion de carri\u00e8res, r\u00e9mun\u00e9ration, recrutement, formation, paie, tout en manageant une \u00e9quipe de 4 personnes.<\/p>\n\n\n\n<p class=\"has-text-align-left\">De m\u00eame, j\u2019y accompagne la direction g\u00e9n\u00e9rale sur la strat\u00e9gie RH et les directeurs\/responsables et managers interm\u00e9diaires dans le d\u00e9veloppement et le management de leurs \u00e9quipes.<\/p>\n\n\n\n<p class=\"has-text-align-left\">Mais l\u2019accompagnement individuel me manque. En 2018, j\u2019obtiens une certification de coach \u00e0 HEC.<\/p>\n\n\n\n<p class=\"has-text-align-left\">Fin 2019, je quitte la soci\u00e9t\u00e9 et en 2020, je fonde la soci\u00e9t\u00e9 \u00ab&nbsp;ose ta voie&nbsp;\u00bb, o\u00f9 j\u2019exerce le coaching, la formation, le conseil RH.<\/p>\n\n\n\n<p class=\"has-text-align-left\">J\u2019accompagne des personnes en r\u00e9flexion ou transition professionnelle, dans leur recherche d\u2019emploi, je r\u00e9alise des bilans de comp\u00e9tences, je coache et conseille des DRH, dirigeants d&rsquo;ETP et de TPE.<\/p>\n\n\n\n<p class=\"has-text-align-left\">J\u2019anime des ateliers depuis plus de trois ans aupr\u00e8s des \u00e9tudiants de <a href=\"https:\/\/neoma-bs.fr\/\">N\u00e9oma Business School<\/a> sur le pitch, l\u2019entretien de recrutement, le onboarding, l\u2019entretien vid\u00e9o diff\u00e9r\u00e9, le CV et la lettre de motivation, la n\u00e9gociation salariale et la prise de parole et \u00e0 l\u2019INSEEC sur \u00ab\u00a0le manager inspirant\u00a0\u00bb.<\/p>\n\n\n\n<p class=\"has-text-align-left\">Je suis \u00e9galement coach RH \u00e0 la <a href=\"https:\/\/lacravatesolidaire.org\/\">cravate solidaire<\/a> o\u00f9 je r\u00e9alise des simulations d\u2019entretien avec des personnes \u00e9loign\u00e9es de l\u2019emploi et je les coache sur leur projet ou parcours professionnel.<\/p>\n\n\n\n<p class=\"has-text-align-left\">J\u2019anime \u00e9galement des formations sur les th\u00e8mes suivants&nbsp;: l\u2019entretien annuel d\u2019\u00e9valuation, l\u2019entretien professionnel, l\u2019entretien de recrutement, am\u00e9liorer son organisation pour gagner en efficacit\u00e9.<\/p>\n\n\n\n<figure class=\"wp-block-embed is-type-video is-provider-youtube wp-block-embed-youtube wp-embed-aspect-16-9 wp-has-aspect-ratio\"><div class=\"wp-block-embed__wrapper\">\n<iframe loading=\"lazy\" title=\"\ud83d\udcac Feedback Positif ou Correctif ? avec Estelle Cunat, coach professionnelle certifi\u00e9e\" width=\"600\" height=\"338\" src=\"https:\/\/www.youtube.com\/embed\/4FZIccjQ1Lc?feature=oembed\" frameborder=\"0\" allow=\"accelerometer; autoplay; clipboard-write; encrypted-media; gyroscope; picture-in-picture; web-share\" referrerpolicy=\"strict-origin-when-cross-origin\" allowfullscreen><\/iframe>\n<\/div><\/figure>\n\n\n\n<p class=\"has-accent-color has-text-color has-link-color has-medium-font-size wp-elements-a62498295568fe5c6ba1995573ba03ab\"><br><\/p>\n\n\n\n<p class=\"has-black-color has-text-color has-link-color wp-elements-6d04ebe144473332b35e593d466e83e2\" style=\"font-size:16px\"><\/p>\n\n\n","protected":false},"excerpt":{"rendered":"<p>Passionn\u00e9e par l\u2019humain, je l\u2019ai traduit professionnellement en devenant responsable ressources humaines chez un \u00e9diteur de logiciels, dont j\u2019ai accompagn\u00e9 la croissance de 50 \u00e0 200 salari\u00e9s durant 17 ann\u00e9es. (2002-2019) J\u2019y cr\u00e9e et d\u00e9veloppe toute l\u2019activit\u00e9 RH&nbsp;: gestion du personnel, des comp\u00e9tences, gestion de carri\u00e8res, r\u00e9mun\u00e9ration, recrutement, formation, paie, tout en manageant une \u00e9quipe [&hellip;]<\/p>\n","protected":false},"author":1,"featured_media":0,"parent":0,"menu_order":3,"comment_status":"closed","ping_status":"closed","template":"","meta":{"_themeisle_gutenberg_block_has_review":false,"_ti_tpc_template_sync":false,"_ti_tpc_template_id":"","footnotes":""},"class_list":["post-11","page","type-page","status-publish","hentry"],"_links":{"self":[{"href":"https:\/\/osetavoie.com\/index.php\/wp-json\/wp\/v2\/pages\/11","targetHints":{"allow":["GET"]}}],"collection":[{"href":"https:\/\/osetavoie.com\/index.php\/wp-json\/wp\/v2\/pages"}],"about":[{"href":"https:\/\/osetavoie.com\/index.php\/wp-json\/wp\/v2\/types\/page"}],"author":[{"embeddable":true,"href":"https:\/\/osetavoie.com\/index.php\/wp-json\/wp\/v2\/users\/1"}],"replies":[{"embeddable":true,"href":"https:\/\/osetavoie.com\/index.php\/wp-json\/wp\/v2\/comments?post=11"}],"version-history":[{"count":16,"href":"https:\/\/osetavoie.com\/index.php\/wp-json\/wp\/v2\/pages\/11\/revisions"}],"predecessor-version":[{"id":1474,"href":"https:\/\/osetavoie.com\/index.php\/wp-json\/wp\/v2\/pages\/11\/revisions\/1474"}],"wp:attachment":[{"href":"https:\/\/osetavoie.com\/index.php\/wp-json\/wp\/v2\/media?parent=11"}],"curies":[{"name":"wp","href":"https:\/\/api.w.org\/{rel}","templated":true}]}}