{"id":2,"date":"2023-12-02T12:34:36","date_gmt":"2023-12-02T11:34:36","guid":{"rendered":"http:\/\/osetavoie.com\/?page_id=2"},"modified":"2024-01-12T17:39:51","modified_gmt":"2024-01-12T16:39:51","slug":"page-d-exemple","status":"publish","type":"page","link":"https:\/\/osetavoie.com\/index.php\/page-d-exemple\/","title":{"rendered":"Blog"},"content":{"rendered":"\n<h2 class=\"wp-block-heading has-accent-color has-text-color has-link-color wp-elements-af9fedb93e633bdd8a7b9adbdf03f658\">Conseil RH<\/h2>\n\n\n\n<h2 class=\"wp-block-heading has-black-color has-text-color has-link-color has-normal-font-size wp-elements-b1d3720e01dc7bde25931a49088db44a\"><strong>Comment s&rsquo;adapter aux besoins des nouvelles g\u00e9n\u00e9rations lorsqu&rsquo;on dirige une TPE ?<\/strong><\/h2>\n\n\n<div class=\"wp-block-image\">\n<figure class=\"aligncenter size-full\"><img loading=\"lazy\" decoding=\"async\" width=\"800\" height=\"397\" src=\"http:\/\/osetavoie.com\/wp-content\/uploads\/2024\/01\/Conseil-RH-1.jpg\" alt=\"\" class=\"wp-image-1389\" srcset=\"https:\/\/osetavoie.com\/wp-content\/uploads\/2024\/01\/Conseil-RH-1.jpg 800w, https:\/\/osetavoie.com\/wp-content\/uploads\/2024\/01\/Conseil-RH-1-300x149.jpg 300w, https:\/\/osetavoie.com\/wp-content\/uploads\/2024\/01\/Conseil-RH-1-768x381.jpg 768w, https:\/\/osetavoie.com\/wp-content\/uploads\/2024\/01\/Conseil-RH-1-508x252.jpg 508w, https:\/\/osetavoie.com\/wp-content\/uploads\/2024\/01\/Conseil-RH-1-600x298.jpg 600w\" sizes=\"auto, (max-width: 800px) 100vw, 800px\" \/><\/figure>\n<\/div>\n\n\n<blockquote class=\"wp-block-quote is-layout-flow wp-block-quote-is-layout-flow\">\n<p>J&rsquo;ai accompagn\u00e9 r\u00e9cemment Joseph Lugassy, qui dirige le cabinet d&rsquo;expertise comptable \u00ab\u00a0Joseph Lugassy EI\u00a0\u00bb sur ce sujet complexe.<\/p>\n\n\n\n<p>Il avait \u00e0 c\u0153ur le bien-\u00eatre de ses \u00e9quipes et cherchait des moyens pour les fid\u00e9liser. Il souhaitait aussi se d\u00e9marquer de ses concurrents (les gros cabinets !) pour attirer des talents.<\/p>\n\n\n\n<p>Comme j&rsquo;interviens r\u00e9guli\u00e8rement, depuis pluies ann\u00e9es en \u00c9coles de Commerce, en particulier NEOMA Business Scholl, je connais bien cette g\u00e9n\u00e9ration, dite GenZ.<\/p>\n\n\n\n<p>Ces jeunes actifs sont tr\u00e8s demandeurs de feedback sur leur travail pour conna\u00eetre leurs points forts et les axes de progr\u00e8s.<\/p>\n\n\n\n<p>Ils ont \u00e9galement besoin d&rsquo;un cadre bien d\u00e9fini, pour comprendre o\u00f9 sont les limites, et de proximit\u00e9 avec leur manager.<\/p>\n\n\n\n<p>Or, l\u2019un des points forts d\u2019un dirigeant de TPE, c\u2019est la proximit\u00e9 ! \ud83d\udca5<br><br>J\u2019ai donc invit\u00e9 Joseph \u00e0 travailler sur l\u2019authenticit\u00e9 de la relation de travail et la mise en place d&rsquo;une communication fluide, assertive et constructive, de fa\u00e7on \u00e0 ce que chacun se sente en confiance pour exprimer ce dont il a besoin et, le cas \u00e9ch\u00e9ant, ce qui ne lui convient pas. \ud83e\udd1d<br>\u200c<br>\ud83d\udd34 Objectif atteint ! \ud83c\udfaf<br><br>\u201cEstelle, sp\u00e9cialiste RH, m&rsquo;a accompagn\u00e9 dans la gestion de mes collaborateurs. Elle m&rsquo;a fourni des \u00e9l\u00e9ments cl\u00e9s pour mieux communiquer avec eux afin de les fid\u00e9liser. Elle m&rsquo;a accompagn\u00e9 efficacement pour que je sois \u00e0 m\u00eame de mener des entretiens constructifs et de leur formuler des feedbacks positifs ou correctifs. Merci Estelle.\u201d<\/p>\n<\/blockquote>\n\n\n\n<p><\/p>\n\n\n\n<h2 class=\"wp-block-heading has-accent-color has-text-color has-link-color wp-elements-3bb3b5e9afd0f6c4be9df3ea18f45356\">Bilan de comp\u00e9tences<\/h2>\n\n\n\n<p><\/p>\n\n\n<div class=\"wp-block-image\">\n<figure class=\"aligncenter size-full is-resized\"><img loading=\"lazy\" decoding=\"async\" width=\"320\" height=\"172\" src=\"https:\/\/osetavoie.com\/wp-content\/uploads\/2024\/01\/Retro.jpeg\" alt=\"\" class=\"wp-image-1409\" style=\"width:755px;height:auto\" srcset=\"https:\/\/osetavoie.com\/wp-content\/uploads\/2024\/01\/Retro.jpeg 320w, https:\/\/osetavoie.com\/wp-content\/uploads\/2024\/01\/Retro-300x161.jpeg 300w\" sizes=\"auto, (max-width: 320px) 100vw, 320px\" \/><\/figure>\n<\/div>\n\n\n<blockquote class=\"wp-block-quote is-layout-flow wp-block-quote-is-layout-flow\">\n<p>\u2b50 Des larmes de joie et de fiert\u00e9 !<br>\u200c<br>\ud83d\udfe3 A la fin de chaque bilan de comp\u00e9tences, je r\u00e9dige une synth\u00e8se que je partage avec la personne que j\u2019ai accompagn\u00e9e, pour qu\u2019elle puisse y apporter des modifications si besoin ou qu\u2019elle la valide telle quelle si elle est 100% d\u2019accord avec ma vision des choses.<br><br>\ud83d\udfe0 J\u2019ai v\u00e9cu un moment tr\u00e8s \u00e9mouvant la semaine derni\u00e8re lors d\u2019une s\u00e9ance de cl\u00f4ture avec une de mes clientes.<br>A la lecture de la synth\u00e8se, ma cliente a fondu en larmes en prenant tout d\u2019un coup la mesure du chemin parcouru depuis 4 mois :<br>&#8211; elle a pu identifier ses comp\u00e9tences professionnelles, ses savoirs, savoir-faire et savoir \u00eatre<br>&#8211; elle a d\u00e9fini ses int\u00e9r\u00eats professionnels et ses sources de motivation<br>&#8211; sa confiance en elle s\u2019est renforc\u00e9e<br>&#8211; lors d\u2019un forum emploi, elle a pu cibler des m\u00e9tiers qui l\u2019int\u00e9ressent, et s\u2019est m\u00eame pr\u00e9sent\u00e9e \u00e0 des recruteurs<br><br>\ud83d\udfe1 Et ce n\u2019est pas fini !!!<br><br>&#8211; elle a d\u00e9croch\u00e9 une offre d\u2019embauche<br>&#8211; elle a d\u00e9missionn\u00e9 de son job actuel qu\u2019elle n\u2019aimait plus mais qu\u2019elle occupait depuis l&rsquo;\u00e2ge de 17 ans et pendant 23 ans alors qu\u2019elle n\u2019a jamais connu d\u2019autres environnements de travail<br>&#8211; dans la foul\u00e9e, elle a retrouv\u00e9 un emploi bien mieux r\u00e9mun\u00e9r\u00e9 \ud83c\udfaf (ce qui \u00e9tait son premier objectif du fait du changement de sa situation personnelle)<br>et progressivement, elle s\u2019est adapt\u00e9e \u00e0 son nouvel emploi<br><br>\ud83d\udfe2 Le bilan de comp\u00e9tences peut permettre cela et c\u2019est pour moi une vraie satisfaction de pouvoir l&rsquo;observer.<\/p>\n<\/blockquote>\n\n\n\n<h2 class=\"wp-block-heading has-accent-color has-text-color has-link-color wp-elements-e8cf47531acc6d929eb8d8b354da1ba0\">Coaching<\/h2>\n\n\n<div class=\"wp-block-image\">\n<figure class=\"aligncenter size-full is-resized\"><img loading=\"lazy\" decoding=\"async\" width=\"600\" height=\"385\" src=\"https:\/\/osetavoie.com\/wp-content\/uploads\/2024\/01\/We-can-do-it.jpeg\" alt=\"\" class=\"wp-image-1406\" style=\"width:756px;height:auto\" srcset=\"https:\/\/osetavoie.com\/wp-content\/uploads\/2024\/01\/We-can-do-it.jpeg 600w, https:\/\/osetavoie.com\/wp-content\/uploads\/2024\/01\/We-can-do-it-300x193.jpeg 300w, https:\/\/osetavoie.com\/wp-content\/uploads\/2024\/01\/We-can-do-it-508x326.jpeg 508w\" sizes=\"auto, (max-width: 600px) 100vw, 600px\" \/><\/figure>\n<\/div>\n\n\n<p>C&rsquo;est tr\u00e8s bizarre, mon Chef a compl\u00e8tement chang\u00e9 d&rsquo;attitude \u00e0 mon \u00e9gard !<\/p>\n\n\n\n<blockquote class=\"wp-block-quote is-layout-flow wp-block-quote-is-layout-flow\">\n<p>C\u2019est par ces mots que Florence* a d\u00e9but\u00e9 notre s\u00e9ance de coaching hier.<br><br>\ud83d\udfe3 Lorsque nous avons commenc\u00e9 le coaching en janvier, Florence voulait changer de travail :<br>&#8211; elle travaillait 70 heures par semaine<br>&#8211; ses heures supp n&rsquo;\u00e9taient pas r\u00e9mun\u00e9r\u00e9es<br>&#8211; son chef la fuyait pour ne pas r\u00e9pondre \u00e0 ses demandes d\u2019augmentation<br>&#8211; elle n\u2019avait aucune visibilit\u00e9 sur son planning d\u2019une semaine \u00e0 l\u2019autre et donc sur sa disponibilit\u00e9 pour voir sa fille, qui vit \u00e0 une heure de route de chez elle.<br><br>\ud83d\udfe2 Je l\u2019ai accompagn\u00e9e pour identifier ses comp\u00e9tences et qualit\u00e9s professionnelles. Cela lui a donn\u00e9 confiance en elle et d\u00e9velopp\u00e9 son assertivit\u00e9, c&rsquo;est-\u00e0-dire sa capacit\u00e9 \u00e0 s\u2019affirmer tout en respectant l\u2019autre.<br><br>Pour cela nous avons aussi travaill\u00e9 ses drivers. Il en existe 5 mais certains ont davantage d&rsquo;influence sur nous. Pour Florence, ses drivers principaux \u00e0 travailler \u00e9taient \u00ab\u00a0sois forte\u00a0\u00bb et \u00ab\u00a0fais plaisir\u00a0\u00bb. Comme beaucoup de femmes d&rsquo;ailleurs !<br><br>\ud83d\udfe0 Aujourd\u2019hui, lors de notre 6\u00e8me s\u00e9ance de coaching, elle m\u2019apprend :<br>&#8211; qu\u2019elle a obtenu l\u2019augmentation qu\u2019elle souhaitait<br>&#8211; que son chef s\u2019est engag\u00e9 \u00e0 respecter ses horaires ou \u00e0 payer ses heures suppl\u00e9mentaires le cas \u00e9ch\u00e9ant<br>&#8211; et \u00e0 lui donner de la visibilit\u00e9 sur ses jours de cong\u00e9s \u00e0 venir.<br><br>Florence est pr\u00eate \u00e0 rester dans son poste actuel et aura plus de temps pour construire son projet professionnel de \u2764 : devenir art th\u00e9rapeute.<br><br>Nous avons mesur\u00e9 ensemble le chemin qu&rsquo;elle a parcouru \ud83c\udfc3\u200d\u2640\ufe0f en quelques semaines gr\u00e2ce \u00e0 nos s\u00e9ances.<br>C&rsquo;est bien parce que Florence a chang\u00e9 de posture vis-\u00e0-vis de son chef qu&rsquo;il a lui-m\u00eame chang\u00e9 d&rsquo;attitude.<br>Pas si bizarre finalement \ud83d\ude09.<br><br>*le pr\u00e9nom a \u00e9t\u00e9 chang\u00e9 pour respecter la confidentialit\u00e9.<\/p>\n<\/blockquote>\n\n\n\n<h2 class=\"wp-block-heading has-accent-color has-text-color has-link-color wp-elements-78379ae60997c701d726f4919fde1c77\">RH<\/h2>\n\n\n\n<p>L&rsquo;importance d&rsquo;investir dans la phase d&rsquo;onboarding : je vous partage ma vision dans cet article. Bonne lecture ! \ud83d\ude09<\/p>\n\n\n<div class=\"wp-block-image\">\n<figure class=\"aligncenter size-large\"><img loading=\"lazy\" decoding=\"async\" width=\"1024\" height=\"683\" src=\"https:\/\/osetavoie.com\/wp-content\/uploads\/2024\/01\/Welcome-aboard-1024x683.jpeg\" alt=\"\" class=\"wp-image-1362\" srcset=\"https:\/\/osetavoie.com\/wp-content\/uploads\/2024\/01\/Welcome-aboard-1024x683.jpeg 1024w, https:\/\/osetavoie.com\/wp-content\/uploads\/2024\/01\/Welcome-aboard-300x200.jpeg 300w, https:\/\/osetavoie.com\/wp-content\/uploads\/2024\/01\/Welcome-aboard-768x512.jpeg 768w, https:\/\/osetavoie.com\/wp-content\/uploads\/2024\/01\/Welcome-aboard-1536x1025.jpeg 1536w, https:\/\/osetavoie.com\/wp-content\/uploads\/2024\/01\/Welcome-aboard-1240x827.jpeg 1240w, https:\/\/osetavoie.com\/wp-content\/uploads\/2024\/01\/Welcome-aboard-508x339.jpeg 508w, https:\/\/osetavoie.com\/wp-content\/uploads\/2024\/01\/Welcome-aboard-600x400.jpeg 600w, https:\/\/osetavoie.com\/wp-content\/uploads\/2024\/01\/Welcome-aboard.jpeg 2048w\" sizes=\"auto, (max-width: 1024px) 100vw, 1024px\" \/><\/figure>\n<\/div>\n\n\n<blockquote class=\"wp-block-quote is-layout-flow wp-block-quote-is-layout-flow\">\n<p>Les pratiques d\u2019Onboarding ignorent trop souvent l\u2019importance du temps. D\u00e9sireuses de rentabilit\u00e9 \u00e0 court-terme, les entreprises veulent mettre les nouveaux collaborateurs trop vite et trop t\u00f4t au travail et n\u00e9gligent les actions d\u2019accompagnement qu\u2019elles doivent mettre en place.<br>C\u2019est une grave erreur. Pour qu\u2019un collaborateur devienne pleinement op\u00e9rationnel, il faut investir un minimum en lui&nbsp;: en temps, en accompagnement, en formation, sur le m\u00e9tier, sur les produits et clients, les process de l\u2019entreprise, etc.<br>Ce temps d\u2019accompagnement peut \u00e9videmment varier d\u2019un profil \u00e0 un autre. Si certains talents vont se r\u00e9v\u00e9ler particuli\u00e8rement agiles et adaptables, ils ne repr\u00e9sentent pas la majorit\u00e9 et il est n\u00e9cessaire que les organisations s\u2019assurent qu\u2019elles remplissent bien les \u00e9tapes capables de permettre \u00e0 l\u2019ensemble des nouveaux collaborateurs de s\u2019exprimer dans les meilleures conditions.<br>L\u2019exemple du parcours mis en place par une grande enseigne de bricolage dans laquelle nouveau commercial doit faire le tour des services pendant un mois avant d\u2019occuper son poste et o\u00f9 il est initi\u00e9 \u00e0 l\u2019utilisation des produits qu\u2019il vend pendant 3 semaines est un bon exemple \u00e0 suivre. A l\u2019issue de son parcours, le nouvel embauch\u00e9 est rassur\u00e9 et confiant. Fort de sa connaissance des produits qu\u2019il a utilis\u00e9 et test\u00e9 jusque dans les moindres d\u00e9tails, il est force de proposition aupr\u00e8s des clients et en retire une gratification qui lui donne envie de s\u2019investir dans la dur\u00e9e pour une entreprise qui croit et investit en lui.<\/p>\n<\/blockquote>\n\n\n\n<h2 class=\"wp-block-heading has-accent-color has-text-color has-link-color wp-elements-af9fedb93e633bdd8a7b9adbdf03f658\">Conseil RH<\/h2>\n\n\n\n<p>Expertise RH x Coaching : le mix gagnant pour booster votre marque employeur<\/p>\n\n\n<div class=\"wp-block-image\">\n<figure class=\"aligncenter size-large is-resized\"><img loading=\"lazy\" decoding=\"async\" width=\"1024\" height=\"341\" src=\"https:\/\/osetavoie.com\/wp-content\/uploads\/2024\/01\/Aimant-1024x341.jpeg\" alt=\"\" class=\"wp-image-1407\" style=\"width:802px;height:auto\" srcset=\"https:\/\/osetavoie.com\/wp-content\/uploads\/2024\/01\/Aimant-1024x341.jpeg 1024w, https:\/\/osetavoie.com\/wp-content\/uploads\/2024\/01\/Aimant-300x100.jpeg 300w, https:\/\/osetavoie.com\/wp-content\/uploads\/2024\/01\/Aimant-768x256.jpeg 768w, https:\/\/osetavoie.com\/wp-content\/uploads\/2024\/01\/Aimant-508x169.jpeg 508w, https:\/\/osetavoie.com\/wp-content\/uploads\/2024\/01\/Aimant-600x200.jpeg 600w, https:\/\/osetavoie.com\/wp-content\/uploads\/2024\/01\/Aimant.jpeg 1200w\" sizes=\"auto, (max-width: 1024px) 100vw, 1024px\" \/><\/figure>\n<\/div>\n\n\n<blockquote class=\"wp-block-quote is-layout-flow wp-block-quote-is-layout-flow\">\n<p>\ud83d\udfe0 Avec le coaching individuel, j&rsquo;accompagne mes clients \u00e0 oser (enfin) \u00eatre eux-m\u00eames.<br><br>\ud83d\udfe3 J&rsquo;applique les m\u00eames m\u00e9thodes aux entreprises que j&rsquo;accompagne : en m&rsquo;appuyant sur mon exp\u00e9rience RH, je les am\u00e8ne \u00e0 r\u00e9fl\u00e9chir et travailler sur :<br><br>&#8211; les valeurs qu\u2019elles incarnent et qu\u2019elles souhaitent mettre en avant dans leur communication<br>\u200c- leur mani\u00e8re de faire vivre aux candidats une vraie exp\u00e9rience humaine, qui va leur donner envie de rejoindre leurs \u00e9quipes.<br>&#8211; leur processus d\u2019int\u00e9gration pour que le nouvel embauch\u00e9 se sente bien accueilli et qu\u2019il puisse monter en comp\u00e9tences dans les meilleures conditions<br>\u200c- les axes d\u2019\u00e9volution en interne pour inciter le nouveau collaborateur \u00e0 se projeter dans l\u2019entreprise en lui donnant des perspectives d\u2019\u00e9volution.<br><br>\ud83d\udfe2 Mes terrains de jeu favoris : startup, TPE et PME.<br><br>\ud83d\udfe1 Les valeurs qui m&rsquo;inspirent : authenticit\u00e9, sinc\u00e9rit\u00e9 et transparence.<br><br>CQFD : en osant \u00eatre elles-m\u00eames, les entreprise attirent les collaborateurs qui leur correspondent ! \u2b50<\/p>\n<\/blockquote>\n\n\n\n<h2 class=\"wp-block-heading has-accent-color has-text-color has-link-color wp-elements-78379ae60997c701d726f4919fde1c77\">RH<\/h2>\n\n\n\n<p>Repenser l&rsquo;exp\u00e9rience candidat \/ collaborateur, je vous partage ma vision dans cet article : l&rsquo;exemple de LVMH<\/p>\n\n\n\n<blockquote class=\"wp-block-quote is-layout-flow wp-block-quote-is-layout-flow\">\n<p>Aujourd\u2019hui dans le recrutement, on parle de plus en plus \u00ab&nbsp;d\u2019exp\u00e9rience collaborateur&nbsp;\u00bb, qui d\u00e9bute au moment du recrutement, voire en amont, par la mani\u00e8re dont l\u2019entreprise communique sur sa marque, ses valeurs, sa vision, et comment cette communication est align\u00e9e avec la r\u00e9alit\u00e9.<br>Il n\u2019est pas uniquement question de mettre en avant des valeurs \u00e0 la mode comme \u00ab&nbsp;la bienveillance, le respect\u2026&nbsp;\u00bb, il faut \u00e9galement que ces valeurs soient incarn\u00e9es par les membres de l\u2019entreprise, sa direction, ses managers. Et si ce n\u2019est pas le cas, avec les Media sociaux, il est de plus en plus facile de le savoir.<br>L\u2019exp\u00e9rience collaborateur d\u00e9bute par l\u2019exp\u00e9rience candidat. En effet aujourd\u2019hui, 87 % des candidats se renseignent avant de postuler et 58 % renoncent \u00e0 l\u2019id\u00e9e de postuler \u00e0 la suite d\u2019informations n\u00e9gatives trouv\u00e9es en ligne, notamment sur des sites de notation type \u00ab&nbsp;Glassdor, ChooseMyCompany ou FigaroInsiders&nbsp;\u00bb.<br>Avec les difficult\u00e9s actuelles \u00e0 recruter, les entreprises doivent \u00eatre plus cr\u00e9atives et\/ou transparentes pour donner envie aux talents de les rejoindre.<br>Depuis 2011, le groupe LVMH ouvre les portes des locaux de ses marques embl\u00e9matiques, pendant 3 jours, du 14 au 16 octobre, pour faire conna\u00eetre ses m\u00e9tiers et ses savoir-faire lors des \u00ab&nbsp;journ\u00e9es particuli\u00e8res&nbsp;\u00bb.<br>Le groupe propose \u00e0 ses visiteurs de vrais parcours de d\u00e9couverte d\u20191h30 pendant lesquels ils peuvent observer les collaborateurs en train de travailler et leur poser des questions.<br>C\u2019est un bon exemple de parcours capable de susciter des vocations et de cr\u00e9er une exp\u00e9rience candidat unique&nbsp;!<\/p>\n<\/blockquote>\n\n\n\n<h2 class=\"wp-block-heading has-accent-color has-text-color has-link-color wp-elements-e8cf47531acc6d929eb8d8b354da1ba0\">Coaching<\/h2>\n\n\n\n<p>Faut-il n\u00e9cessairement quitter son entreprise lorsqu&rsquo;on ne s&rsquo;y sent pas, ou plus bien ?<\/p>\n\n\n<div class=\"wp-block-image\">\n<figure class=\"aligncenter size-full\"><img loading=\"lazy\" decoding=\"async\" width=\"612\" height=\"408\" src=\"https:\/\/osetavoie.com\/wp-content\/uploads\/2024\/01\/Coaching-01.jpeg\" alt=\"\" class=\"wp-image-1390\" srcset=\"https:\/\/osetavoie.com\/wp-content\/uploads\/2024\/01\/Coaching-01.jpeg 612w, https:\/\/osetavoie.com\/wp-content\/uploads\/2024\/01\/Coaching-01-300x200.jpeg 300w, https:\/\/osetavoie.com\/wp-content\/uploads\/2024\/01\/Coaching-01-508x339.jpeg 508w, https:\/\/osetavoie.com\/wp-content\/uploads\/2024\/01\/Coaching-01-600x400.jpeg 600w\" sizes=\"auto, (max-width: 612px) 100vw, 612px\" \/><\/figure>\n<\/div>\n\n\n<blockquote class=\"wp-block-quote is-layout-flow wp-block-quote-is-layout-flow\">\n<p>Et si au lieu de quitter votre travail actuel, vous preniez le temps de mettre quelques actions en place, pour reprendre votre carri\u00e8re entre vos mains&nbsp;? :<br>&#8211; mieux vous respecter et vous faire respecter<br>&#8211; explorer votre motivation&nbsp;: ce qui la g\u00e9n\u00e8re ou comment la d\u00e9velopper<br>&#8211; provoquer votre chance et \u00eatre en ouverture pour favoriser votre \u00e9volution<br>&#8211; prendre le temps de faire un stop pour v\u00e9rifier que votre course soutenue va autant dans votre sens que dans celui de l\u2019entreprise dans laquelle vous travaillez<br><br>Et vous quelle serait la premi\u00e8re action \u00e0 mettre en place pour prendre votre carri\u00e8re entre vos mains&nbsp;?<\/p>\n\n\n\n<p>Pour aller plus loin dans votre r\u00e9flexion, je vous invite \u00e0 lire l&rsquo;article suivant : <a href=\"https:\/\/lnkd.in\/eV2s6NeQ\">https:\/\/lnkd.in\/eV2s6NeQ<\/a><\/p>\n<\/blockquote>\n","protected":false},"excerpt":{"rendered":"<p>Conseil RH Comment s&rsquo;adapter aux besoins des nouvelles g\u00e9n\u00e9rations lorsqu&rsquo;on dirige une TPE ? J&rsquo;ai accompagn\u00e9 r\u00e9cemment Joseph Lugassy, qui dirige le cabinet d&rsquo;expertise comptable \u00ab\u00a0Joseph Lugassy EI\u00a0\u00bb sur ce sujet complexe. Il avait \u00e0 c\u0153ur le bien-\u00eatre de ses \u00e9quipes et cherchait des moyens pour les fid\u00e9liser. Il souhaitait aussi se d\u00e9marquer de ses [&hellip;]<\/p>\n","protected":false},"author":1,"featured_media":0,"parent":0,"menu_order":2,"comment_status":"closed","ping_status":"closed","template":"","meta":{"_themeisle_gutenberg_block_has_review":false,"_ti_tpc_template_sync":false,"_ti_tpc_template_id":"","footnotes":""},"class_list":["post-2","page","type-page","status-publish","hentry"],"_links":{"self":[{"href":"https:\/\/osetavoie.com\/index.php\/wp-json\/wp\/v2\/pages\/2","targetHints":{"allow":["GET"]}}],"collection":[{"href":"https:\/\/osetavoie.com\/index.php\/wp-json\/wp\/v2\/pages"}],"about":[{"href":"https:\/\/osetavoie.com\/index.php\/wp-json\/wp\/v2\/types\/page"}],"author":[{"embeddable":true,"href":"https:\/\/osetavoie.com\/index.php\/wp-json\/wp\/v2\/users\/1"}],"replies":[{"embeddable":true,"href":"https:\/\/osetavoie.com\/index.php\/wp-json\/wp\/v2\/comments?post=2"}],"version-history":[{"count":35,"href":"https:\/\/osetavoie.com\/index.php\/wp-json\/wp\/v2\/pages\/2\/revisions"}],"predecessor-version":[{"id":1452,"href":"https:\/\/osetavoie.com\/index.php\/wp-json\/wp\/v2\/pages\/2\/revisions\/1452"}],"wp:attachment":[{"href":"https:\/\/osetavoie.com\/index.php\/wp-json\/wp\/v2\/media?parent=2"}],"curies":[{"name":"wp","href":"https:\/\/api.w.org\/{rel}","templated":true}]}}